{"id":1739,"date":"2018-12-12T04:15:12","date_gmt":"2018-12-12T04:15:12","guid":{"rendered":"http:\/\/dev.priori.si\/kontakt\/"},"modified":"2021-09-16T08:50:00","modified_gmt":"2021-09-16T08:50:00","slug":"contact","status":"publish","type":"page","link":"https:\/\/www.priori.si\/en\/contact\/","title":{"rendered":"Contact"},"content":{"rendered":"<p>[vc_row full_width=&#8221;stretch_row_content&#8221; css=&#8221;.vc_custom_1543563606044{margin-bottom: 50px !important;}&#8221;][vc_column css=&#8221;.vc_custom_1543562580111{padding-top: 0px !important;padding-right: 0px !important;padding-bottom: 0px !important;padding-left: 0px !important;}&#8221;][vc_gmaps link=&#8221;#E-8_JTNDaWZyYW1lJTIwc3JjJTNEJTIyaHR0cHMlM0ElMkYlMkZ3d3cuZ29vZ2xlLmNvbSUyRm1hcHMlMkZlbWJlZCUzRnBiJTNEJTIxMW0xOCUyMTFtMTIlMjExbTMlMjExZDY1NDEuNTY3MzY1MDMwMzIxJTIxMmQxNS44ODA4NTk5NTUyMTU0MSUyMTNkNDYuNDIxMTQzNTY0ODUyNjUlMjEybTMlMjExZjAlMjEyZjAlMjEzZjAlMjEzbTIlMjExaTEwMjQlMjEyaTc2OCUyMTRmMTMuMSUyMTNtMyUyMTFtMiUyMTFzMHg0NzZmNjZjZjMyYmNhZDRkJTI1M0EweGQ2M2Q5ZjEyZTU5ODljNGUlMjEyeldtSEZvY1NOYVhSaElGQjBkV29nWkM1dkxtOHUlMjE1ZTAlMjEzbTIlMjExc3NsJTIxMnNzaSUyMTR2MTU3NDQwNjE2NTE5NiUyMTVtMiUyMTFzc2wlMjEyc3NpJTIyJTIwd2lkdGglM0QlMjI2MDAlMjIlMjBoZWlnaHQlM0QlMjI0NTAlMjIlMjBmcmFtZWJvcmRlciUzRCUyMjAlMjIlMjBzdHlsZSUzRCUyMmJvcmRlciUzQTAlM0IlMjIlMjBhbGxvd2Z1bGxzY3JlZW4lM0QlMjIlMjIlM0UlM0MlMkZpZnJhbWUlM0U=&#8221; css=&#8221;.vc_custom_1574406192914{margin-top: -5px !important;margin-bottom: -5px !important;padding-top: 0px !important;padding-right: 0px !important;padding-bottom: 0px !important;padding-left: 0px !important;}&#8221;][\/vc_column][\/vc_row][vc_row css=&#8221;.vc_custom_1575452543016{margin-right: 0px !important;margin-bottom: 80px !important;margin-left: 0px !important;}&#8221;][vc_column width=&#8221;1\/4&#8243; el_class=&#8221;stmart-contc-detls&#8221;][vc_column_text el_class=&#8221;stmart-contact-pg&#8221;]<\/p>\n<h3>CONTACT<\/h3>\n<p><a href=\"https:\/\/www.google.com\/maps\/place\/Rogozni%C5%A1ka+cesta+13,+2250+Ptuj\/@46.4192562,15.8744172,15.25z\/data=!4m5!3m4!1s0x476f66cefd086e87:0x94550c369e4f4743!8m2!3d46.4222701!4d15.8838216\" target=\"_blank\" rel=\"noopener noreferrer\">ZA\u0160\u010cITA PTUJ d.o.o.,<br \/>\nRogozni\u0161ka cesta 13,<br \/>\n2250 Ptuj<\/a><\/p>\n<p>Phone: <a href=\"tel:+38627797111\">+386 2 779 71 11<\/a><br \/>\nFax: <a href=\"tel:+38627797261\">+386 2 779 72 61<\/a><br \/>\n<a href=\"mailto:info@zascita-ptuj.si\" target=\"_blank\" rel=\"noopener noreferrer\">info@zascita-ptuj.si<\/a><\/p>\n<p><strong>Working hours:<\/strong><br \/>\nMon &#8211; Fri: 7:00 &#8211; 15:00<br \/>\nSat, Sun and holidays: closed[\/vc_column_text][\/vc_column][vc_column width=&#8221;1\/4&#8243; el_class=&#8221;stmart-main-wrap&#8221;][vc_column_text el_class=&#8221;stmart-contact-pg&#8221;]<\/p>\n<h3>CONTACT<\/h3>\n<p><a href=\"https:\/\/www.google.com\/maps\/place\/Rogozni%C5%A1ka+cesta+13,+2250+Ptuj\/@46.4192562,15.8744172,15.25z\/data=!4m5!3m4!1s0x476f66cefd086e87:0x94550c369e4f4743!8m2!3d46.4222701!4d15.8838216\" target=\"_blank\" rel=\"noopener noreferrer\">TIP ZASCITA d.o.o.,<br \/>\nRogozni\u0161ka cesta 13,<br \/>\n2250 Ptuj<\/a><\/p>\n<p>Phone: <a href=\"tel:+38627797111\">+386 2 779 71 11<\/a><br \/>\nFax: <a href=\"tel:+38627797261\">+386 2 779 72 61<\/a><br \/>\n<a href=\"mailto:info@zascita-ptuj.si\" target=\"_blank\" rel=\"noopener noreferrer\">info@zascita-ptuj.si<\/a><\/p>\n<p><strong>Working hours:<\/strong><br \/>\nMon &#8211; Fri: 7:00 &#8211; 15:00<br \/>\nSat, Sun and holidays: closed[\/vc_column_text][\/vc_column][vc_column width=&#8221;2\/4&#8243;][vc_raw_html]JTVCdWZiJTIwZm9ybV9pZCUzRCUyMjMlMjIlNUQ=[\/vc_raw_html][\/vc_column][\/vc_row]<\/p>\n","protected":false},"excerpt":{"rendered":"<p>[vc_row full_width=&#8221;stretch_row_content&#8221; css=&#8221;.vc_custom_1543563606044{margin-bottom: 50px !important;}&#8221;][vc_column css=&#8221;.vc_custom_1543562580111{padding-top: 0px !important;padding-right: 0px !important;padding-bottom: 0px !important;padding-left: 0px !important;}&#8221;][vc_gmaps link=&#8221;#E-8_JTNDaWZyYW1lJTIwc3JjJTNEJTIyaHR0cHMlM0ElMkYlMkZ3d3cuZ29vZ2xlLmNvbSUyRm1hcHMlMkZlbWJlZCUzRnBiJTNEJTIxMW0xOCUyMTFtMTIlMjExbTMlMjExZDY1NDEuNTY3MzY1MDMwMzIxJTIxMmQxNS44ODA4NTk5NTUyMTU0MSUyMTNkNDYuNDIxMTQzNTY0ODUyNjUlMjEybTMlMjExZjAlMjEyZjAlMjEzZjAlMjEzbTIlMjExaTEwMjQlMjEyaTc2OCUyMTRmMTMuMSUyMTNtMyUyMTFtMiUyMTFzMHg0NzZmNjZjZjMyYmNhZDRkJTI1M0EweGQ2M2Q5ZjEyZTU5ODljNGUlMjEyeldtSEZvY1NOYVhSaElGQjBkV29nWkM1dkxtOHUlMjE1ZTAlMjEzbTIlMjExc3NsJTIxMnNzaSUyMTR2MTU3NDQwNjE2NTE5NiUyMTVtMiUyMTFzc2wlMjEyc3NpJTIyJTIwd2lkdGglM0QlMjI2MDAlMjIlMjBoZWlnaHQlM0QlMjI0NTAlMjIlMjBmcmFtZWJvcmRlciUzRCUyMjAlMjIlMjBzdHlsZSUzRCUyMmJvcmRlciUzQTAlM0IlMjIlMjBhbGxvd2Z1bGxzY3JlZW4lM0QlMjIlMjIlM0UlM0MlMkZpZnJhbWUlM0U=&#8221; css=&#8221;.vc_custom_1574406192914{margin-top: -5px !important;margin-bottom: -5px !important;padding-top: 0px !important;padding-right: 0px !important;padding-bottom: 0px !important;padding-left: 0px !important;}&#8221;][\/vc_column][\/vc_row][vc_row css=&#8221;.vc_custom_1575452543016{margin-right: 0px !important;margin-bottom: 80px !important;margin-left: 0px !important;}&#8221;][vc_column width=&#8221;1\/4&#8243; el_class=&#8221;stmart-contc-detls&#8221;][vc_column_text el_class=&#8221;stmart-contact-pg&#8221;] CONTACT ZA\u0160\u010cITA PTUJ d.o.o., Rogozni\u0161ka cesta 13, 2250 Ptuj Phone: +386 2 779 71 11 Fax: +386 [&hellip;]<\/p>\n","protected":false},"author":1,"featured_media":0,"parent":0,"menu_order":0,"comment_status":"closed","ping_status":"closed","template":"templates\/vc-template.php","meta":[],"_links":{"self":[{"href":"https:\/\/www.priori.si\/en\/wp-json\/wp\/v2\/pages\/1739"}],"collection":[{"href":"https:\/\/www.priori.si\/en\/wp-json\/wp\/v2\/pages"}],"about":[{"href":"https:\/\/www.priori.si\/en\/wp-json\/wp\/v2\/types\/page"}],"author":[{"embeddable":true,"href":"https:\/\/www.priori.si\/en\/wp-json\/wp\/v2\/users\/1"}],"replies":[{"embeddable":true,"href":"https:\/\/www.priori.si\/en\/wp-json\/wp\/v2\/comments?post=1739"}],"version-history":[{"count":6,"href":"https:\/\/www.priori.si\/en\/wp-json\/wp\/v2\/pages\/1739\/revisions"}],"predecessor-version":[{"id":2147,"href":"https:\/\/www.priori.si\/en\/wp-json\/wp\/v2\/pages\/1739\/revisions\/2147"}],"wp:attachment":[{"href":"https:\/\/www.priori.si\/en\/wp-json\/wp\/v2\/media?parent=1739"}],"curies":[{"name":"wp","href":"https:\/\/api.w.org\/{rel}","templated":true}]}}